{"id":963,"date":"2015-02-25T13:45:51","date_gmt":"2015-02-25T13:45:51","guid":{"rendered":"https:\/\/www.broadleyjames.eu\/?page_id=963"},"modified":"2022-10-12T08:36:35","modified_gmt":"2022-10-12T08:36:35","slug":"conditions-utilisation","status":"publish","type":"page","link":"https:\/\/www.broadleyjames.eu\/fr\/conditions-utilisation\/","title":{"rendered":"Conditions G\u00e9n\u00e9rales d&rsquo;Utilisation"},"content":{"rendered":"<p>VEUILLEZ LIRE CES CONDITIONS G\u00c9N\u00c9RALES ATTENTIVEMENT AVANT D\u2019UTILISER CE SITE<\/p>\n<h2>Conditions G\u00e9n\u00e9rales d\u2019Utilisation<\/h2>\n<p>Cette page (ainsi que tous les documents auxquels il est fait mention) fait \u00e9tat des conditions concernant l&rsquo;acc\u00e8s et l&rsquo;utilisation des parties publiques du site Internet www.broadleyjames.eu\u00a0(notre site), que vous soyez un simple visiteur ou un utilisateur inscrit. Utiliser notre site signifie y acc\u00e9der, le parcourir ou s\u2019y inscrire.<\/p>\n<p>Veuillez lire attentivement ces conditions d&rsquo;utilisation avant toute utilisation de notre Site, car elles s\u2019appliqueront \u00e0 l\u2019utilisation de notre site. Nous vous recommandons d\u2019en imprimer un exemplaire en vue de besoins ult\u00e9rieurs.<\/p>\n<p>Le fait d&rsquo;utiliser notre Site indique que vous acceptez ces conditions d&rsquo;utilisation et que vous acceptez de vous y conformer.<\/p>\n<p>Si vous n&rsquo;acceptez pas ces conditions d&rsquo;utilisation, merci de vous abstenir d&rsquo;utiliser notre Site.<\/p>\n<h2>Autres conditions applicables<\/h2>\n<p>Ces conditions d\u2019utilisation font r\u00e9f\u00e9rence aux pr\u00e9sentes conditions additionnelles, s\u2019appliquant \u00e9galement dans le cadre de l\u2019utilisation de notre site:<\/p>\n<p>Notre Politique de Confidentialit\u00e9, qui \u00e9tablit les conditions selon lesquelles nous traitons toutes les informations personnelles que nous recueillons \u00e0 votre sujet, ou que vous nous fournissez. En utilisant notre site, vous acceptez ce traitement et vous attestez de l\u2019exactitude des donn\u00e9es que vous fournissez.<\/p>\n<p>Notre Politique de Cookies, qui contient des renseignements sur les cookies de notre site. Si vous achetez des biens sur notre site, nos Conditions g\u00e9n\u00e9rales de Vente (consultables au moment du paiement) seront applicables aux ventes.<\/p>\n<h2>Informations concernant notre site<\/h2>\n<p>www.broadleyjames.eu\/\u00a0est un site exploit\u00e9 par Broadley-James Limited (\u201cNous\u201d).\u00a0 Nous sommes enregistr\u00e9s en Angleterre et au Pays de Galle sous le num\u00e9ro 4045789 et notre si\u00e8ge social se situe au 28 \u2013 44 Alma Street, Luton, Bedfordshire, LU1 2PL.\u00a0 Notre principale adresse commerciale est Wrest Park, Silsoe, Bedford, MK45 4HS. Notre num\u00e9ro de TVA est GB763907795.<\/p>\n<p>Nous sommes une soci\u00e9t\u00e9 \u00e0 responsabilit\u00e9 limit\u00e9e.<\/p>\n<h2>Mises \u00e0 jour des pr\u00e9sentes conditions<\/h2>\n<p>Nous sommes susceptibles d\u2019apporter des modifications aux pr\u00e9sentes conditions d\u2019utilisations \u00e0 tout moment en modifiant cette page.<\/p>\n<p>Veuillez v\u00e9rifier cette page de temps \u00e0 autres pour prendre connaissance de tout changement effectu\u00e9, dans la mesure o\u00f9 il vous concerne.<\/p>\n<h2>Mises \u00e0 jour de notre site<\/h2>\n<p>Nous proc\u00e9dons r\u00e9guli\u00e8rement \u00e0 des mises \u00e0 jour de notre Site et sommes susceptibles d&rsquo;y apporter des modifications \u00e0 tout moment. Cependant, veuillez noter que toute information publi\u00e9e sur notre site peut \u00eatre d\u00e9pass\u00e9e et que nous ne sommes pas dans l\u2019obligation de la mettre \u00e0 jour.<\/p>\n<p>Nous ne garantissons pas que notre site, ou que le contenu qui y figure, ne comportera pas d\u2019erreurs ou d\u2019omissions.<\/p>\n<h2>Acc\u00e8s \u00e0 notre site<\/h2>\n<p>L\u2019acc\u00e8s \u00e0 notre site est gratuit.<\/p>\n<p>Nous ne pourrons \u00eatre tenus responsables si, pour quelque raison que ce soit, notre Site n&rsquo;est plus disponible \u00e0 un moment ou pour une p\u00e9riode donn\u00e9e. L&rsquo;acc\u00e8s \u00e0 notre Site est autoris\u00e9 de fa\u00e7on temporaire. Nous nous r\u00e9servons le droit de retirer ou de modifier le service que nous fournissons sur notre Site sans pr\u00e9avis.<\/p>\n<p>L&rsquo;utilisateur doit prendre toute disposition n\u00e9cessaire pour avoir acc\u00e8s \u00e0 notre site.<\/p>\n<p>Vous avez \u00e9galement le devoir de vous assurer\u00a0que toute personne utilisant notre site via votre connexion Internet est au fait des pr\u00e9sentes conditions d&rsquo;utilisation, et qu&rsquo;elle s&rsquo;y soustrait.<\/p>\n<h2>Compte et Mot de passe<\/h2>\n<p>Si vous choisissez, ou si il vous est fourni un code d&rsquo;identification d&rsquo;utilisateur, un mot de passe, ou\u00a0 toute autre information relative \u00e0 nos proc\u00e9dures de s\u00e9curit\u00e9, vous devez consid\u00e9rer ces donn\u00e9es comme \u00e9tant confidentielles. Vous ne devez les divulguer \u00e0 aucun tiers.<\/p>\n<p>Nous sommes autoris\u00e9s \u00e0 d\u00e9sactiver tout code d&rsquo;identification d&rsquo;utilisateur ou mot de passe, qu&rsquo;ils aient \u00e9t\u00e9 choisis par vous ou affect\u00e9s par nos services, \u00e0 tout moment, si nous jugeons que vous n&rsquo;avez pas respect\u00e9 les dispositions \u00e9nonc\u00e9es dans les pr\u00e9sentes conditions d&rsquo;utilisation.<\/p>\n<p>Si vous soup\u00e7onnez quelqu&rsquo;un de conna\u00eetre votre code d&rsquo;identification d&rsquo;utilisateur ou mot de passe, veuillez nous en informer imm\u00e9diatement \u00e0 sales@broadleyjames.co.uk.<\/p>\n<h2>Droits de propri\u00e9t\u00e9 intellectuelle<\/h2>\n<p>Nous sommes le d\u00e9tenteur ou le titulaire de licence de tous les droits de propri\u00e9t\u00e9s intellectuelles sur notre Site et le contenu qui y est publi\u00e9. Ces travaux sont prot\u00e9g\u00e9s par la r\u00e9glementation et les accords internationaux sur les droits d&rsquo;auteur. Tous ces droits sont r\u00e9serv\u00e9s.<\/p>\n<p>Vous pouvez imprimer un exemplaire ou t\u00e9l\u00e9charger des extraits de notre Site pour r\u00e9f\u00e9rence personnelle ou attirer l&rsquo;attention d&rsquo;autres personnes sur le contenu de notre Site.<\/p>\n<p>Vous n&rsquo;\u00eates pas autoris\u00e9 \u00e0 modifier les copies papier ou num\u00e9riques de tout contenu imprim\u00e9 ou t\u00e9l\u00e9charg\u00e9, ni \u00e0 s\u00e9parer toute illustration, photographie, vid\u00e9o, s\u00e9quence audio ou graphique du texte s&rsquo;y rapportant.<\/p>\n<p>Notre statut (et celui des collaborateurs identifi\u00e9s) en tant qu&rsquo;auteurs du contenu publi\u00e9 sur notre Site doit toujours \u00eatre reconnu.<\/p>\n<p>Vous n&rsquo;\u00eates pas autoris\u00e9 \u00e0 utiliser tout ou partie du contenu de notre Site \u00e0 des fins commerciales sans obtenir une licence attestant que ce droit vous a \u00e9t\u00e9 attribu\u00e9 par nous ou nos conc\u00e9dants.<\/p>\n<p>Si vous imprimez, copiez ou t\u00e9l\u00e9chargez toute partie de notre Site \u00e0 l&rsquo;encontre de ces conditions d&rsquo;utilisation, votre droit d&rsquo;utiliser notre Site cesse imm\u00e9diatement et vous devez retourner ou d\u00e9truire les copies r\u00e9alis\u00e9es.<\/p>\n<h2>Aucune d\u00e9pendance \u00e0 l\u2019\u00e9gard des informations<\/h2>\n<p>Le contenu mis \u00e0 disposition sur le site est fourni \u00e0 titre informatif. Il est possible qu&rsquo;il comporte des erreurs typographiques ou omissions. Il ne tient pas lieu de conseil et ne devrait pas \u00eatre interpr\u00e9t\u00e9 comme tel. Avant d&rsquo;entamer toute action \u00e0 partir d&rsquo;informations de cette page Web, vous devez consulter un professionnel ou un sp\u00e9cialiste.<\/p>\n<p>Bien que nous ayons pris des mesures raisonnables pour en assurer l&rsquo;exactitude, nous ne pouvons garantir que cette\u00a0information ne comporter aucune inexactitude ou soit \u00e0 jour.<\/p>\n<h2>Limites de notre responsabilit\u00e9<\/h2>\n<p>Nothing in these terms of use excludes or limits our liability for death or personal injury arising from our Rien dans les pr\u00e9sentes conditions d&rsquo;utilisation n&rsquo;est pr\u00e9vu pour exclure la responsabilit\u00e9 en cas de mort ou de dommage corporel caus\u00e9s par n\u00e9gligence ou en cas de fraude, de d\u00e9claration frauduleuse ou de n&rsquo;importe quelle responsabilit\u00e9 statutaire qui ne peut pas \u00eatre exclue ou modifi\u00e9e par la loi Anglaise.<\/p>\n<p>Dans les limites permises par la loi, nous excluons toute garantie, repr\u00e9sentation, condition sous quelque forme que ce soit, expresse ou implicite, qui puisse s\u2019appliquer \u00e0 notre site ou au contenu qui y figure.<\/p>\n<p>Nous n\u2019acceptons pas la responsabilit\u00e9 (contractuelle, d\u00e9lictuelle ou autre) pour toute perte ou dommage direct, indirect ou immat\u00e9riel encouru par tout utilisateur en lien avec notre Site ou en lien avec\u00a0:<\/p>\n<ul>\n<li>une utilisation, une inaptitude \u00e0 l&rsquo;utilisation<\/li>\n<li>ou le r\u00e9sultat d&rsquo;une utilisation de notre Site, tous les sites Internet connexes et tout contenu publi\u00e9 sur notre Site.<\/li>\n<\/ul>\n<p>Si vous \u00eates un utilisateur professionnel, veuillez particuli\u00e8rement noter que nous ne sommes pas responsables de :<\/p>\n<ul>\n<li>pertes de revenus ou de profits ;<\/li>\n<li>pertes d&rsquo;exploitation ;<\/li>\n<li>pertes d&rsquo;\u00e9conomies anticip\u00e9es ;<\/li>\n<li>perte de client\u00e8le, d\u2019estime ou atteinte \u00e0 la r\u00e9putation ;<\/li>\n<li>\u00a5 en cas de tous dommages ou pertes indirects, cons\u00e9cutifs ou particuliers.<\/li>\n<\/ul>\n<p>Si vous \u00eates un utilisateur particulier, veuillez noter que notre site n\u2019est destin\u00e9 qu\u2019\u00e0 un usage particulier et priv\u00e9. Vous consentez \u00e0 ne pas utiliser notre site \u00e0 des fins commerciales ou professionnelles, et toute perte de profits, d\u2019exploitation, ou d\u2019opportunit\u00e9s commerciales n\u2019affecte pas notre responsabilit\u00e9.<\/p>\n<p>Nous ne serons pas tenu responsables des pertes ou dommages caus\u00e9s par un d\u00e9ni de service, un virus ou tout objet technologiquement nocif \u00e0 m\u00eame d&rsquo;infecter l&rsquo;\u00e9quipement informatique, les programmes d&rsquo;ordinateurs, de donn\u00e9es ou d&rsquo;autres mat\u00e9riels suite \u00e0 l&rsquo;utilisaton de notre site ou au t\u00e9l\u00e9chargement de document publi\u00e9 sur ce dernier, ou sur tout site Web li\u00e9 \u00e0 celui-ci.<\/p>\n<p>Nous n&rsquo;assumons aucune responsabilit\u00e9 pour le contenu de tout autre site dont le lien figure sur ce site Internet. De tels liens ne doivent pas \u00eatre interpr\u00e9t\u00e9s comme un aval expr\u00e8s ou implicite de ces sites. Nous d\u00e9clinons toute responsabilit\u00e9 pour toute perte ou pour tout dommage que vous pouvez subir lors de leur utilisation.<\/p>\n<p>Cette exclusion ou limitation de responsabilit\u00e9 s&rsquo;applique aux responsabilit\u00e9s d\u00e9coulant de la fourniture de produits que vous utilisez, et sera \u00e9nonc\u00e9 dans nos conditions g\u00e9n\u00e9rales de vente.<\/p>\n<h2>Virus<\/h2>\n<p>Nous ne pouvons garantir que ce site ne contienne aucun virus.<\/p>\n<p>Vous \u00eates responsable de la configuration de votre technologie de l\u2019information, de vos programmes informatiques et des plateformes que vous utilisez pour acc\u00e9der \u00e0 notre site. Vous devez utiliser votre propre logiciel anti-virus protection.<\/p>\n<p>Vous n&rsquo;\u00eates pas autoris\u00e9 \u00e0 abuser de notre Site en y introduisant volontairement des virus, chevaux de Troie, des vers, des bombes logiques ou tout autre programme malveillant ou dommageable sur le plan technologique. Il est interdit de chercher \u00e0 d&rsquo;obtenir un acc\u00e8s non autoris\u00e9 \u00e0 notre site, au serveur sur lequel notre site est stock\u00e9 ou \u00e0 tout serveur, ordinateur ou base de donn\u00e9es connect\u00e9s \u00e0 notre site. Il est \u00e9galement interdit d&rsquo;attaquer notre site via un d\u00e9ni de service ou d&rsquo;une attaque distribu\u00e9e par d\u00e9ni de service. La violation de ces dispositions constitue une infraction criminelle en vertu du Computer Misuse Act de 1990. Nous signalerons toute infraction aux autorit\u00e9s concern\u00e9es charg\u00e9es du maintien de la loi et nous leur apporterons toute la coop\u00e9ration n\u00e9cessaire en leur r\u00e9v\u00e9lant l&rsquo;identit\u00e9 des auteurs. Dans le cas d&rsquo;une telle violation, votre droit \u00e0 utiliser le site sera imm\u00e9diatement suspendu.<\/p>\n<h2>Liens vers notre site<\/h2>\n<p>Vous \u00eates autoris\u00e9 \u00e0 \u00e9tablir un lien vers notre page d&rsquo;accueil, \u00e0 condition d&rsquo;\u00e9tablir ce lien de fa\u00e7on juste et l\u00e9gale, sans nuire \u00e0 notre r\u00e9putation et sans en tirer parti.<\/p>\n<p>En revanche, vous n&rsquo;\u00eates pas autoris\u00e9 \u00e0 \u00e9tablir un lien sugg\u00e9rant une association, une approbation ou un aval de notre part sous quelque forme que ce soit, alors qu&rsquo;aucune modalit\u00e9 de ce genre n&rsquo;existe.<\/p>\n<p>Vous ne devez pas \u00e9tablir de lien hypertexte \u00e0 partir d&rsquo;un site web qui ne vous appartient pas.<\/p>\n<p>Notre site ne doit pas \u00eatre encadr\u00e9 par un autre site quelconque, et vous ne pouvez pas cr\u00e9er un lien vers une partie quelconque de notre site hormis la page d&rsquo;accueil.<\/p>\n<p>Nous nous r\u00e9servons le droit d&rsquo;annuler sans pr\u00e9avis l&rsquo;autorisation d&rsquo;\u00e9tablir un tel lien.<br \/>\nSi vous souhaitez utiliser le contenu de notre site diff\u00e9remment des conditions d\u00e9crites ci-dessus, veuillez contacter <a href=\"mailto:sales@broadleyjames.co.uk\">sales@broadleyjames.co.uk<\/a>.<\/p>\n<p>Merci d\u2019utiliser notre site.<\/p>\n","protected":false},"excerpt":{"rendered":"<p>VEUILLEZ LIRE CES CONDITIONS G\u00c9N\u00c9RALES ATTENTIVEMENT AVANT D\u2019UTILISER CE SITE Conditions G\u00e9n\u00e9rales d\u2019Utilisation Cette page (ainsi que tous les documents &hellip;<\/p>\n","protected":false},"author":1,"featured_media":0,"parent":0,"menu_order":20,"comment_status":"closed","ping_status":"closed","template":"","meta":{"_acf_changed":false,"footnotes":""},"class_list":["post-963","page","type-page","status-publish","hentry"],"acf":[],"_links":{"self":[{"href":"https:\/\/www.broadleyjames.eu\/fr\/wp-json\/wp\/v2\/pages\/963","targetHints":{"allow":["GET"]}}],"collection":[{"href":"https:\/\/www.broadleyjames.eu\/fr\/wp-json\/wp\/v2\/pages"}],"about":[{"href":"https:\/\/www.broadleyjames.eu\/fr\/wp-json\/wp\/v2\/types\/page"}],"author":[{"embeddable":true,"href":"https:\/\/www.broadleyjames.eu\/fr\/wp-json\/wp\/v2\/users\/1"}],"replies":[{"embeddable":true,"href":"https:\/\/www.broadleyjames.eu\/fr\/wp-json\/wp\/v2\/comments?post=963"}],"version-history":[{"count":8,"href":"https:\/\/www.broadleyjames.eu\/fr\/wp-json\/wp\/v2\/pages\/963\/revisions"}],"predecessor-version":[{"id":1572,"href":"https:\/\/www.broadleyjames.eu\/fr\/wp-json\/wp\/v2\/pages\/963\/revisions\/1572"}],"wp:attachment":[{"href":"https:\/\/www.broadleyjames.eu\/fr\/wp-json\/wp\/v2\/media?parent=963"}],"curies":[{"name":"wp","href":"https:\/\/api.w.org\/{rel}","templated":true}]}}