{"id":957,"date":"2015-02-25T13:40:27","date_gmt":"2015-02-25T13:40:27","guid":{"rendered":"https:\/\/www.broadleyjames.eu\/?page_id=957"},"modified":"2024-06-21T11:14:47","modified_gmt":"2024-06-21T11:14:47","slug":"politique-confidentialite","status":"publish","type":"page","link":"https:\/\/www.broadleyjames.eu\/fr\/politique-confidentialite\/","title":{"rendered":"Politique de Confidentialit\u00e9"},"content":{"rendered":"<p>Broadley-James Limited (\u201cNous\u201d) s\u2019engage \u00e0 prot\u00e9ger et respecter votre vie priv\u00e9e.<\/p>\n<p>La pr\u00e9sente politique (ainsi que nos Conditions G\u00e9n\u00e9rales d\u2019Utilisation et tout autre document y faisant r\u00e9f\u00e9rence) d\u00e9finit les bases selon lesquelles nous traiterons toutes les informations personnelles, collect\u00e9es ou fournies. Veuillez lire ce qui suit attentivement pour conna\u00eetre notre vision et nos pratiques en ce qui concerne vos donn\u00e9es personnelles et la mani\u00e8re dont nous les traitons. En visitant www.broadleyjames.eu\/, vous acceptez et consentez aux pratiques d\u00e9crites dans cette politique.<\/p>\n<p>Dans le cadre de la Loi de 1998 sur la Protection des donn\u00e9es (Data Protection Act), le contr\u00f4leur des donn\u00e9es est Broadley-James Limited bas\u00e9 au 28 \u2013 44 Alma Street, Luton, Bedfordshire, LU1 2PL.<\/p>\n<h2>Informations que nous collectons<\/h2>\n<p>Nous pouvons collecter et traiter les donn\u00e9es suivantes vous concernant\u00a0:<\/p>\n<h3>Informations\u00a0fournies<\/h3>\n<p>Vous pouvez nous fournir des informations en remplissant les formulaires sur le site www.broadleyjames.eu\/\u00a0(notre site) ou lors de conversations t\u00e9l\u00e9phonique, par e-mail ou d&rsquo;autres moyens. Ceci inclut les informations que vous fournissez lors de votre inscription sur notre site, pour utiliser nos services, rechercher un produit, passer une commande sur notre site, participer \u00e0 un concours, une offre promotionnelle ou un sondage et lorsque vous signalez un probl\u00e8me sur notre site. Les informations que vous nous donnez peuvent inclure vos nom, adresse, adresse e-mail et num\u00e9ro de t\u00e9l\u00e9phone, informations financi\u00e8res et de carte de cr\u00e9dit et description personnelle.<\/p>\n<h3>Informations que nous collectons<\/h3>\n<p>En ce qui concerne chacune de vos visites sur notre site, nous pouvons automatiquement r\u00e9colter les informations suivantes\u00a0: informations techniques, y compris l\u2019adresse IP utilis\u00e9e pour connecter votre ordinateur \u00e0 Internet, vos identifiants de connexion, le type de navigateur et sa version, les param\u00e8tres de fuseau horaire, la version et le type de plug-in de votre navigateur, la plateforme, le syst\u00e8me d\u2019exploitation.<\/p>\n<h3>Informations\u00a0en lien avec\u00a0votre visite<\/h3>\n<p>Elles incluent la s\u00e9quence compl\u00e8te (URL) de tous les clics effectu\u00e9s vers, sur et depuis notre site (dates et heures incluses) ; les produits consult\u00e9s ou recherch\u00e9s\u00a0; le temps de r\u00e9ponse des pages, les erreurs de t\u00e9l\u00e9chargement, la dur\u00e9e des visites sur certaines pages, les informations d\u2019interactions des pages (telles que descendre, cliquer, d\u00e9placer le curseur), et les m\u00e9thodes utilis\u00e9es pour naviguer \u00e0 l\u2019ext\u00e9rieur de la page, et tout num\u00e9ro de t\u00e9l\u00e9phone utilis\u00e9 pour appeler le num\u00e9ro de notre service client.<\/p>\n<h3>Informations re\u00e7ues d&rsquo;autres sources<\/h3>\n<p>Nous pouvons recevoir des informations vous concernant si vous utilisez les autres sites web que nous g\u00e9rons ou les autres services que nous fournissons. Nous travaillons aussi en collaboration \u00e9troite avec des tierces parties (dont, par exemple, des partenaires financiers, des sous-traitants de services de livraison, de paiement ou techniques, des r\u00e9seaux publicitaires, des fournisseurs de solutions analytiques, des fournisseurs de recherche d\u2019informations, des agences d\u2019\u00e9valuation du cr\u00e9dit) qui peuvent nous communiquer des informations vous concernant.<\/p>\n<h2>Cookies<\/h2>\n<p>Notre site web utilise les cookies pour vous distinguer des autres utilisateurs du site. Cela nous permet de vous offrir une meilleure exp\u00e9rience lorsque vous visitez notre site, ainsi que de l\u2019am\u00e9liorer. Pour plus d\u2019informations sur les cookies que nous utilisons et les raisons pour lesquelles nous les utilisons, veuillez consulter notre section sur les Cookies.<\/p>\n<h2>Utilisation des Informations<\/h2>\n<p>Nous utilisons les informations recueillies \u00e0 votre sujet des mani\u00e8res suivantes :<\/p>\n<h3>Informations que vous nous fournissez\u00a0:<\/h3>\n<p>Nous utilisons ces informations :<\/p>\n<ul>\n<li>Pour r\u00e9pondre \u00e0 nos obligations \u00e9manant des contrats pass\u00e9s entre vous et nous et pour vous fournir les informations, produits et services que vous exigez de nous ;<\/li>\n<li>Pour vous fournir les informations sur les autres biens et services que nous proposons, qui sont similaires \u00e0 ceux que vous avez pr\u00e9c\u00e9demment\u00a0acquis ou recherch\u00e9s\u00a0;<\/li>\n<li>Pour vous fournir, ou autoriser des tiers s\u00e9lectionn\u00e9s \u00e0 vous fournir, les informations sur les biens et services que nous croyons d\u2019int\u00e9r\u00eat pour vous. Si vous \u00eates un client existant, nous vous contacterons uniquement par voie \u00e9lectronique (e-mail ou SMS) avec des informations sur les biens et services similaires \u00e0 ceux qui ont fait l\u2019objet d\u2019un pr\u00e9c\u00e9dent achat ou n\u00e9gociation de vente avec vous. Si vous \u00eates un nouveau client et que nous autorisons des tiers choisis \u00e0 utiliser vos donn\u00e9es, nous (ou ils) vous contacterons par voie \u00e9lectronique seulement si vous y avez consenti. Si vous ne souhaitez pas que vos donn\u00e9es soient utilis\u00e9es de cette mani\u00e8re, ou que vos informations soient communiqu\u00e9es \u00e0 des tiers \u00e0 des fins promotionnelles, veuillez cocher la case pr\u00e9vue \u00e0 cet effet dans le formulaire gr\u00e2ce auquel nous r\u00e9coltons vos informations (les formulaires de commande ou d\u2019inscription) ;<\/li>\n<li>Pour vous pr\u00e9venir de modifications concernant nos services ;<\/li>\n<li>Pour garantir que le contenu de notre site est pr\u00e9sent\u00e9 de la mani\u00e8re la plus\u00a0adapt\u00e9e \u00e0\u00a0vous et \u00e0 votre appareil.<\/li>\n<\/ul>\n<h3>Informations\u00a0collect\u00e9es<\/h3>\n<p>Nous utiliserons ces informations :<\/p>\n<ul>\n<li>Pour administrer notre site et pour des op\u00e9rations internes, y compris la r\u00e9solution de probl\u00e8mes, et \u00e0 des fins d\u2019analyses de donn\u00e9es, de tests, de recherches, de statistiques et de sondages ;<\/li>\n<li>Pour am\u00e9liorer notre site pour garantir que le contenu est pr\u00e9sent\u00e9 de la mani\u00e8re la plus adapt\u00e9e \u00e0 vous et votre appareil ;<\/li>\n<li>Pour vous permettre de participer aux fonctionnalit\u00e9s interactives propos\u00e9es par nos services, si\u00a0vous l&rsquo;avez d\u00e9cid\u00e9 ;<\/li>\n<li>Dans nos efforts de garder le site s\u00fbr et s\u00e9curis\u00e9 ;<\/li>\n<li>Pour mesurer ou comprendre l\u2019efficacit\u00e9 de la publicit\u00e9 que nous vous offrons ainsi qu\u2019aux autres, et pour vous offrir une publicit\u00e9 pertinente ;<\/li>\n<li>Pour vous faire des suggestions et des recommandations ainsi qu\u2019aux autres utilisateurs de notre site sur des biens et services qui pourraient vous ou les int\u00e9resser.<\/li>\n<\/ul>\n<h3>Informations\u00a0re\u00e7ues d\u2019autres\u00a0sources<\/h3>\n<p>Nous pouvons combiner les informations que vous nous fournissez et celles que nous collectons \u00e0 votre sujet. Nous pouvons utiliser ces informations et les informations combin\u00e9es dans les buts mentionn\u00e9s ci-dessus (en fonction des types de donn\u00e9es que nous recevons).<\/p>\n<h2>Divulgation de vos informations<\/h2>\n<p>Nous pouvons partager vos informations personnelles avec des membres de notre groupe, c\u2019est \u00e0 dire nos filiales, notre soci\u00e9t\u00e9 de portefeuilles et ses filiales, comme d\u00e9fini dans la section 1159 du Companies Act britannique de 2006.<\/p>\n<p>Nous pouvons partager vos informations avec une s\u00e9lection de tierces parties, y compris :<\/p>\n<ul>\n<li>des partenaires financiers, fournisseurs et sous-traitants pour mener \u00e0 bien des contrats pass\u00e9s avec eux ou avec vous.<\/li>\n<li>Des publicitaires ou des r\u00e9seaux publicitaires qui n\u00e9cessitent que les donn\u00e9es s\u00e9lectionnent et servent des campagnes d\u2019int\u00e9r\u00eat pour vous et d\u2019autres.<\/li>\n<li>Les fournisseurs de moteurs de recherche et de services analytiques qui nous assistent dans l\u2019am\u00e9lioration et l\u2019optimisation de notre site.<\/li>\n<\/ul>\n<p>Nous pouvons divulguer vos informations personnelles \u00e0 des tiers\u00a0:<\/p>\n<ul>\n<li>Dans le cas o\u00f9 nous vendrions ou ach\u00e8terions une entreprise ou des acquis, dans le cas o\u00f9 nous divulguerions vos donn\u00e9es personnelles au vendeur ou \u00e0 l\u2019acheteur potentiel de ces entreprise ou acquis.<\/li>\n<li>si Broadley-James Limited ou la presque totalit\u00e9 de ses acquis sont rachet\u00e9s par un tiers, dans quel cas les donn\u00e9es personnelles sur nos clients constitueraient l&rsquo;un des actifs transf\u00e9r\u00e9s.<\/li>\n<li>Si nous sommes dans l&rsquo;obligation de divulguer ou de partager vos renseignements personnels afin de nous conformer \u00e0 toute obligation l\u00e9gale, ou pour respecter ou appliquer les conditions d&rsquo;utilisation du site et d&rsquo;autres ententes\u00a0; ou pour pr\u00e9server les droits, la propri\u00e9t\u00e9 ou la s\u00e9curit\u00e9 de Broadley-James Limited, nos clients, ou autres. Ceci inclut l\u2019\u00e9change d\u2019informations avec d\u2019autres soci\u00e9t\u00e9s et organisations \u00e0 des fins de protection contre les fraudes et de r\u00e9duction des risques li\u00e9s au cr\u00e9dit.<\/li>\n<\/ul>\n<h2>Lieux de conservation de vos donn\u00e9es personnelles<\/h2>\n<p>Les donn\u00e9s que vous nous fournissez peuvent \u00eatre transf\u00e9r\u00e9es \u00e0 ou stock\u00e9es dans, un lieu en dehors de l\u2019Espace Economique Europ\u00e9en (\u201cEEA\u201d). Elles peuvent aussi \u00eatre trait\u00e9es par du personnel en dehors de l\u2019Espace Economique Europ\u00e9en, qui travaille pour nous ou pour l\u2019un de nos fournisseurs. Ces employ\u00e9s peuvent \u00eatre charg\u00e9s, entre autres, de la r\u00e9alisation de votre commande, du traitement de vos informations de paiement et de la prestation de services de soutien. En fournissant vos donn\u00e9es personnelles, vous acceptez ce transfert, ce stockage et ce traitement. Nous prendrons toutes les mesures raisonnablement n\u00e9cessaires pour assurer que vos donn\u00e9es seront trait\u00e9es en toute s\u00e9curit\u00e9 et conform\u00e9ment \u00e0 la pr\u00e9sente politique de confidentialit\u00e9.<\/p>\n<p>Toutes les informations que vous nous fournissez sont conserv\u00e9es sur nos serveurs s\u00e9curis\u00e9s. Toute transaction financi\u00e8re sera crypt\u00e9e. Si nous vous avons donn\u00e9 (ou si vous avez choisi) un mot de passe qui vous permet d\u2019acc\u00e9der \u00e0 certaines sections de notre site, vous \u00eates responsable de la confidentialit\u00e9 de ce mot de passe. Nous vous demandons de ne pas partager ce mot de passe avec qui que ce soit.<\/p>\n<p>La transmission d\u2019informations via Internet n\u2019est malheureusement pas totalement s\u00fbre. Bien que nous fassions de notre mieux pour prot\u00e9ger vos donn\u00e9es personnelles, nous ne pouvons pas garantir la s\u00e9curit\u00e9 des informations que vous transmettez \u00e0 notre site ; toute transmission est \u00e0 vos propres risques. Une fois que nous avons re\u00e7u vos informations, nous appliquons des proc\u00e9dures et des mesures de s\u00e9curit\u00e9 strictes afin d\u2019essayer d\u2019emp\u00eacher les acc\u00e8s non autoris\u00e9s.<\/p>\n<h2>Vos Droits<\/h2>\n<p>Notre site peut, de temps en temps, contenir des liens vers et depuis les sites de nos r\u00e9seaux de partenaires, de publicitaires et affili\u00e9s. Si vous suivez un lien vers un de ces sites web, veuillez noter que ces sites web poss\u00e8dent leurs propres politiques de confidentialit\u00e9 et que nous n\u2019acceptons aucune responsabilit\u00e9 ou engagement envers ces politiques. Veuillez prendre connaissance de ces politiques avant de soumettre des donn\u00e9es personnelles sur ces sites web.<\/p>\n<h2>Modifications de notre politique de confidentialit\u00e9<\/h2>\n<p>Toute modification apport\u00e9e \u00e0 notre politique de confidentialit\u00e9 \u00e0 l\u2019avenir sera stipul\u00e9e sur cette page, ou si n\u00e9cessaire, signal\u00e9e par e-mail. Veuillez v\u00e9rifier fr\u00e9quemment pour consulter les mises \u00e0 jour ou changements effectu\u00e9s dans notre politique de confidentialit\u00e9.<\/p>\n<h2>Contact<\/h2>\n<p>Questions, commentaires et demandes \u00e0 propos de cette politique de confidentialit\u00e9 sont encourag\u00e9s et doivent \u00eatre adress\u00e9s \u00e0\u00a0<a href=\"mailto:sales@broadleyjames.co.uk\">sales@broadleyjames.co.uk<\/a>.<\/p>\n","protected":false},"excerpt":{"rendered":"<p>Broadley-James Limited (\u201cNous\u201d) s\u2019engage \u00e0 prot\u00e9ger et respecter votre vie priv\u00e9e. La pr\u00e9sente politique (ainsi que nos Conditions G\u00e9n\u00e9rales d\u2019Utilisation &hellip;<\/p>\n","protected":false},"author":1,"featured_media":0,"parent":0,"menu_order":18,"comment_status":"closed","ping_status":"closed","template":"","meta":{"_acf_changed":false,"footnotes":""},"class_list":["post-957","page","type-page","status-publish","hentry"],"acf":[],"_links":{"self":[{"href":"https:\/\/www.broadleyjames.eu\/fr\/wp-json\/wp\/v2\/pages\/957","targetHints":{"allow":["GET"]}}],"collection":[{"href":"https:\/\/www.broadleyjames.eu\/fr\/wp-json\/wp\/v2\/pages"}],"about":[{"href":"https:\/\/www.broadleyjames.eu\/fr\/wp-json\/wp\/v2\/types\/page"}],"author":[{"embeddable":true,"href":"https:\/\/www.broadleyjames.eu\/fr\/wp-json\/wp\/v2\/users\/1"}],"replies":[{"embeddable":true,"href":"https:\/\/www.broadleyjames.eu\/fr\/wp-json\/wp\/v2\/comments?post=957"}],"version-history":[{"count":12,"href":"https:\/\/www.broadleyjames.eu\/fr\/wp-json\/wp\/v2\/pages\/957\/revisions"}],"predecessor-version":[{"id":1427,"href":"https:\/\/www.broadleyjames.eu\/fr\/wp-json\/wp\/v2\/pages\/957\/revisions\/1427"}],"wp:attachment":[{"href":"https:\/\/www.broadleyjames.eu\/fr\/wp-json\/wp\/v2\/media?parent=957"}],"curies":[{"name":"wp","href":"https:\/\/api.w.org\/{rel}","templated":true}]}}