{"id":957,"date":"2015-02-25T13:40:27","date_gmt":"2015-02-25T13:40:27","guid":{"rendered":"https:\/\/www.broadleyjames.eu\/?page_id=957"},"modified":"2024-06-21T11:14:47","modified_gmt":"2024-06-21T11:14:47","slug":"privacy-policy","status":"publish","type":"page","link":"https:\/\/www.broadleyjames.eu\/es\/privacy-policy\/","title":{"rendered":"Pol\u00edtica de Privacidad"},"content":{"rendered":"<p>Broadley-James Limited (\u00abNosotros\u00bb) se compromete a proteger y respetar su privacidad.<\/p>\n<p>Esta pol\u00edtica (junto con nuestras condiciones de uso y cualquier documento que se mencione en las mismas) establece las bases sobre las que procesaremos sus datos personales que obtengamos o que usted nos proporcione.\u00a0 Por favor, lea detenidamente el siguiente documento para entender nuestros puntos de vista y nuestras pr\u00e1cticas con respecto a sus datos personales y c\u00f3mo los trataremos. Al visitar www.broadleyjames.eu\/ usted acepta y consiente las pr\u00e1cticas descritas en esta pol\u00edtica.<\/p>\n<p>A efectos de la Ley de Protecci\u00f3n de Datos de 1998 (la Ley), el controlador de datos es Broadley-James Limited de 28 \u2013 44 Alma Street, Luton, Bedfordshire, LU1 2PL.<\/p>\n<h2>Informaci\u00f3n que podemos obtener de usted<\/h2>\n<p>Podemos recopilar y procesar los siguientes datos sobre usted:<\/p>\n<h3><strong>Informaci\u00f3n que usted nos da<\/strong><\/h3>\n<p>Usted nos podr\u00e1 dar su informaci\u00f3n rellenando formularios en nuestro sitio www.broadleyjames.eu\/ (nuestro sitio), o a trav\u00e9s de comunicaciones con nosotros por tel\u00e9fono, correo electr\u00f3nico u otros. Esto incluir\u00e1 la informaci\u00f3n que usted nos proporcione cuando se registre para utilizar nuestro sitio, se suscriba a nuestro servicio, busque un producto, haga un pedido en nuestro sitio, participe en un concurso, promoci\u00f3n o encuesta y cuando notifique un problema a nuestro sitio. La informaci\u00f3n que usted nos d\u00e9 podr\u00e1 incluir su nombre, direcci\u00f3n, direcci\u00f3n de correo electr\u00f3nico, n\u00famero de tel\u00e9fono, informaci\u00f3n financiera, de tarjeta de cr\u00e9dito y su informaci\u00f3n personal.<\/p>\n<h3><strong>Informaci\u00f3n que recopilamos sobre usted<\/strong><\/h3>\n<p>En relaci\u00f3n con cada una de sus visitas a nuestro sitio, podremos recopilar de forma autom\u00e1tica la siguiente informaci\u00f3n: informaci\u00f3n t\u00e9cnica, incluyendo la direcci\u00f3n de protocolo de Internet (IP) utilizada para conectar su ordenador a Internet, su informaci\u00f3n de inicio de sesi\u00f3n, el tipo de navegador y versi\u00f3n, la configuraci\u00f3n de zona horaria, tipos y versiones de complementos de navegador, sistema operativo y plataforma;<\/p>\n<h3><strong>Informaci\u00f3n sobre su visita<\/strong><\/h3>\n<p>Incluyendo secuencias de clics completas a Localizadores Uniformes de Recursos (URL), a trav\u00e9s y desde nuestro sitio (incluyendo fecha y hora); productos que haya visto o buscado; tiempos de respuesta de la p\u00e1gina, errores de descarga, duraci\u00f3n de las visitas a ciertas p\u00e1ginas, informaci\u00f3n de interacci\u00f3n de p\u00e1gina (como desplazamientos, clics y pasadas del rat\u00f3n), y m\u00e9todos utilizados para salir de la p\u00e1gina y cualquier n\u00famero de tel\u00e9fono utilizado para llamar a nuestro n\u00famero de atenci\u00f3n al cliente.<\/p>\n<h3><strong>Informaci\u00f3n que recibimos de otras fuentes<\/strong><\/h3>\n<p>Podremos recibir informaci\u00f3n sobre usted si utiliza cualquier otro sitio web que operemos u otros servicios que ofrezcamos. Tambi\u00e9n trabajamos en estrecha colaboraci\u00f3n con terceros (incluyendo, por ejemplo, socios, subcontratistas en servicios de pago y entrega t\u00e9cnicos, redes de publicidad, proveedores anal\u00edticos, proveedores de b\u00fasqueda de informaci\u00f3n, agencias de referencia de cr\u00e9dito) y podremos recibir de ellos informaci\u00f3n sobre usted.<\/p>\n<h2>Cookies<\/h2>\n<p>Nuestro sitio web utiliza cookies para diferenciarle de otros usuarios de nuestro sitio web. Esto nos ayuda a proporcionarle una buena experiencia de navegaci\u00f3n por nuestra p\u00e1gina web y tambi\u00e9n nos permite mejorar nuestro sitio. Para obtener informaci\u00f3n detallada sobre las cookies que utilizamos y los fines para los que las usamos, consulte nuestra pol\u00edtica de cookies.<\/p>\n<h2>Usos de la informaci\u00f3n<\/h2>\n<p>Utilizamos la informaci\u00f3n que tenemos sobre usted de las siguientes maneras:<\/p>\n<h3><strong>Informaci\u00f3n que usted nos da<\/strong><\/h3>\n<p>Usaremos esta informaci\u00f3n:<\/p>\n<ul>\n<li>para llevar a cabo nuestras obligaciones creadas por cualquier contrato entre usted y nosotros y para proporcionarle la informaci\u00f3n, productos y servicios que usted nos solicite;<\/li>\n<li>para ofrecerle informaci\u00f3n sobre otros bienes y servicios que ofrezcamos y que sean similares a los que ya ha comprado o solicitado informaci\u00f3n al respecto;<\/li>\n<li>para proporcionarle \u2014o permitir que terceros seleccionados le proporcionen\u2014 informaci\u00f3n sobre bienes o servicios que consideremos interesantes para usted. Si usted es un cliente existente, s\u00f3lo nos pondremos en contacto con usted por medios electr\u00f3nicos (correo electr\u00f3nico o SMS) con informaci\u00f3n sobre bienes y servicios similares a aquellos objeto de una venta anterior, o negociaci\u00f3n de venta anterior, con usted. Si usted es un cliente nuevo \u2014y en caso en que permitamos a terceros utilizar sus datos\u2014 nosotros (o ellos) nos pondremos en contacto con usted por medios electr\u00f3nicos solamente si usted ha dado su consentimiento. Si no desea que utilicemos sus datos de esta manera, o que pasemos sus datos a terceros con fines de marketing, por favor marque la casilla correspondiente en el formulario en el que recogemos sus datos (el formulario de pedido o formulario de inscripci\u00f3n);<\/li>\n<li>para notificarle sobre cambios en nuestro servicio;<\/li>\n<li>para garantizar que el contenido de nuestro sitio se presenta de la manera m\u00e1s eficaz para usted y para su equipo.<\/li>\n<\/ul>\n<h3><strong>Informaci\u00f3n que recopilamos sobre usted<\/strong><\/h3>\n<p>Usaremos esta informaci\u00f3n:<\/p>\n<ul>\n<li>para administrar nuestro sitio y para operaciones internas, incluyendo fines de soluci\u00f3n de problemas, an\u00e1lisis de datos, pruebas, investigaci\u00f3n, estad\u00edsticos y encuestas;<\/li>\n<li>para mejorar nuestro sitio para garantizar que el contenido se presenta de la manera m\u00e1s eficaz para usted y para su equipo;<\/li>\n<li>para permitirle participar en funciones interactivas de nuestro servicio cuando usted decida hacerlo;<\/li>\n<li>como parte de nuestros esfuerzos para mantener nuestro sitio seguro y protegido;<\/li>\n<li>para medir o entender la efectividad de la publicidad que le servimos, a usted y a los dem\u00e1s, y para ofrecer publicidad que pueda interesarle;<\/li>\n<li>para hacerle sugerencias y recomendaciones, a usted y otros usuarios de nuestra p\u00e1gina web, sobre bienes o servicios que le puedan interesar a usted o a ellos.<\/li>\n<\/ul>\n<h3><strong>Informaci\u00f3n que recibimos de otras fuentes<\/strong><\/h3>\n<p>Podremos combinar esta informaci\u00f3n con la informaci\u00f3n que usted nos da y la informaci\u00f3n que recopilamos sobre usted. Podremos utilizar esta informaci\u00f3n y la informaci\u00f3n combinada, para los fines indicados previamente (en funci\u00f3n del tipo de informaci\u00f3n que recibamos).<\/p>\n<h2>Divulgaci\u00f3n de su informaci\u00f3n<\/h2>\n<p>Podremos compartir su informaci\u00f3n personal con cualquier miembro de nuestro grupo; esto implica nuestras subsidiarias, nuestra sociedad matriz y sus filiales, tal y como se define en la secci\u00f3n 1159 de la Ley de Sociedades del Reino Unido de 2006.<\/p>\n<p>Podremos compartir su informaci\u00f3n con terceros seleccionados incluyendo:<\/p>\n<ul>\n<li>Socios comerciales, proveedores y subcontratistas para la ejecuci\u00f3n de cualquier contrato con tengamos con ellos o usted.<\/li>\n<li>Anunciantes y redes publicitarias que requieran datos para seleccionar y servir anuncios relevantes para usted y otros.<\/li>\n<li>Proveedores de an\u00e1lisis y motores de b\u00fasqueda que nos ayuden en la mejora y optimizaci\u00f3n de nuestro sitio.<\/li>\n<\/ul>\n<p>Podremos revelar su informaci\u00f3n personal a terceros:<\/p>\n<ul>\n<li>En el caso de que vendamos o compremos cualquier negocio o activo, en cuyo caso podremos revelar sus datos personales al vendedor o comprador de dicho negocio o activo.<\/li>\n<li>Si Broadley-James Limited, o sustancialmente todos sus activos, son adquiridos por un tercero; en cuyo caso los datos personales en su poder sobre sus clientes ser\u00e1n uno de los activos transferidos.<\/li>\n<li>Si nos vemos en la obligaci\u00f3n de revelar o compartir sus datos personales con el fin de cumplir cualquier obligaci\u00f3n legal, o con el fin de aplicar nuestras condiciones de uso o condiciones de suministro y otros acuerdos; o para proteger los derechos, propiedad o seguridad de Broadley-James Limited, nuestros clientes u otros. Esto incluye el intercambio de informaci\u00f3n con otras compa\u00f1\u00edas y organizaciones a efectos de protecci\u00f3n contra el fraude y la reducci\u00f3n del riesgo de cr\u00e9dito.<\/li>\n<\/ul>\n<h2>D\u00f3nde almacenamos sus datos personales<\/h2>\n<p>Los datos que obtenemos de usted podr\u00e1n ser transferidos, y almacenados, en un destino fuera del Espacio Econ\u00f3mico Europeo (\u00abEEE\u00bb). Tambi\u00e9n podr\u00e1n ser procesados por personal operando fuera del EEE que trabajen para nosotros o para uno de nuestros proveedores. Dicho personal podr\u00e1 participar, entre otras cosas, en la realizaci\u00f3n de su pedido, el procesamiento de sus datos de pago y la prestaci\u00f3n de servicios de apoyo. Al enviar sus datos personales, usted acepta esta transferencia, almacenamiento o procesamiento. Tomaremos todas las medidas razonablemente necesarias para asegurar que sus datos son tratados de forma segura y de acuerdo con esta pol\u00edtica de privacidad.<\/p>\n<p>Toda la informaci\u00f3n que usted nos proporcione se almacenar\u00e1 en nuestros servidores seguros. Todas las transacciones de pago ser\u00e1n encriptadas. En los casos en los que le demos (o que usted elija) una contrase\u00f1a que le permita acceder a ciertas partes de nuestro sitio, usted ser\u00e1 responsable de mantener su confidencialidad. Les pedimos que no comparta la contrase\u00f1a con nadie.<\/p>\n<p>Desafortunadamente, la transmisi\u00f3n de informaci\u00f3n a trav\u00e9s de Internet no es completamente segura. Aunque hacemos todo lo posible por proteger sus datos personales, no podemos garantizar la seguridad de sus datos transmitidos a nuestro sitio; cualquier transmisi\u00f3n ser\u00e1 realizada bajo su propio riesgo. Una vez recibamos su informaci\u00f3n, utilizaremos procedimientos estrictos y caracter\u00edsticas de seguridad para intentar evitar accesos no autorizados.<\/p>\n<h2>Sus derechos<\/h2>\n<p>Nuestro sitio puede contener ocasionalmente enlaces con los sitios web de nuestras redes de socios, anunciantes y afiliados.\u00a0 Si usted sigue un enlace a cualquiera de estos sitios web, por favor tenga en cuenta que estos sitios web tienen sus propias pol\u00edticas de privacidad y que no aceptamos responsabilidad alguna por estas pol\u00edticas.\u00a0 Por favor, consulte estas pol\u00edticas antes de enviar informaci\u00f3n personal a estos sitios web.<\/p>\n<h2>Cambios en nuestra pol\u00edtica de privacidad<\/h2>\n<p>Cualquier cambio que hagamos en nuestra pol\u00edtica de privacidad en el futuro ser\u00e1 publicado en esta p\u00e1gina y, cuando sea apropiado, se le notificar\u00e1 por correo electr\u00f3nico. Por favor, vuelva con frecuencia para ver las actualizaciones o cambios en nuestra pol\u00edtica de privacidad.<\/p>\n<h2>Contacto<\/h2>\n<p>Las preguntas, comentarios y peticiones relacionados con esta pol\u00edtica de privacidad son bienvenidos y deben dirigirse a\u00a0<a href=\"mailto:sales@broadleyjames.co.uk\">sales@broadleyjames.co.uk<\/a>.<\/p>\n","protected":false},"excerpt":{"rendered":"<p>Broadley-James Limited (\u00abNosotros\u00bb) se compromete a proteger y respetar su privacidad. Esta pol\u00edtica (junto con nuestras condiciones de uso y &hellip;<\/p>\n","protected":false},"author":1,"featured_media":0,"parent":0,"menu_order":18,"comment_status":"closed","ping_status":"closed","template":"","meta":{"_acf_changed":false,"footnotes":""},"class_list":["post-957","page","type-page","status-publish","hentry"],"acf":[],"_links":{"self":[{"href":"https:\/\/www.broadleyjames.eu\/es\/wp-json\/wp\/v2\/pages\/957","targetHints":{"allow":["GET"]}}],"collection":[{"href":"https:\/\/www.broadleyjames.eu\/es\/wp-json\/wp\/v2\/pages"}],"about":[{"href":"https:\/\/www.broadleyjames.eu\/es\/wp-json\/wp\/v2\/types\/page"}],"author":[{"embeddable":true,"href":"https:\/\/www.broadleyjames.eu\/es\/wp-json\/wp\/v2\/users\/1"}],"replies":[{"embeddable":true,"href":"https:\/\/www.broadleyjames.eu\/es\/wp-json\/wp\/v2\/comments?post=957"}],"version-history":[{"count":9,"href":"https:\/\/www.broadleyjames.eu\/es\/wp-json\/wp\/v2\/pages\/957\/revisions"}],"predecessor-version":[{"id":1374,"href":"https:\/\/www.broadleyjames.eu\/es\/wp-json\/wp\/v2\/pages\/957\/revisions\/1374"}],"wp:attachment":[{"href":"https:\/\/www.broadleyjames.eu\/es\/wp-json\/wp\/v2\/media?parent=957"}],"curies":[{"name":"wp","href":"https:\/\/api.w.org\/{rel}","templated":true}]}}