{"id":602,"date":"2015-02-11T15:45:23","date_gmt":"2015-02-11T15:45:23","guid":{"rendered":"https:\/\/www.broadleyjames.eu\/product\/3-litre-bioreactor-assembly-jacketed-cell-culture\/"},"modified":"2022-08-05T11:09:59","modified_gmt":"2022-08-05T11:09:59","slug":"3-litre-bioreactor-assembly-jacketed-cell-culture","status":"publish","type":"product","link":"https:\/\/www.broadleyjames.eu\/de\/product\/3-litre-bioreactor-assembly-jacketed-cell-culture\/","title":{"rendered":"3-Liter-Bioreaktor-Aggregat ummantelt (Zellkultur)"},"content":{"rendered":"<h2><del><\/del>Features<\/h2>\n<ul>\n<li><span id=\"result_box\" class=\"long_text\" lang=\"de\"><span class=\"hps\">Geeignet f\u00fcr<\/span> <span class=\"hps\">Zellkulturen<\/span> <span class=\"hps\">&amp;<\/span> <span class=\"hps\">mikrobielle<\/span> <span class=\"hps\">Anwendungen<\/span><\/span><\/li>\n<li>Vergleichbares Ersatzprodukt anderer f\u00fchrender Hersteller<\/li>\n<li>Einwandig &amp; ummantelt<\/li>\n<li>pH, DO, Temperatur &amp; Optische Dichte Sensor Verf\u00fcgbar<\/li>\n<li>Direkt Antrieb &amp; Magnetisch gekoppelter Bewegungs-Assembler<\/li>\n<li>Individuelle Bioreaktor Komponenten, Komplette Baugruppen, Neuaufbau Kit &amp; O-Ringe Pack verf\u00fcgbar<\/li>\n<li>gro\u00dfer Bestand verf\u00fcgbar zur sofortigen Auslieferung<\/li>\n<\/ul>\n<p><strong>Teile Nummer:<\/strong>\u00a0BV-C1001-03J<\/p>\n<h2>Empfohlene Sensoren<\/h2>\n<p>F-635-B225-DH (pH)<\/p>\n<p>D540-B220-PT-D9 (DO)<\/p>\n","protected":false},"excerpt":{"rendered":"<p><span class=\"hps\">Der BioNet\u00ae 3 Liter Bioreaktor ist das neueste autoklavierbare Tisch-Glassgef\u00e4\u00df<\/span>. <span class=\"hps\">Erh\u00e4ltlich in<\/span> <span class=\"hps\">verschiedenen Gr\u00f6\u00dfen<\/span>: 3, 5, 7, 15 <span class=\"hps\">und 20 Liter<\/span> <span class=\"hps\">Volumen<\/span>. <span class=\"hps\">Alle Metallteile sind<\/span> <span class=\"hps\">aus<\/span> <span class=\"hps\">316L\u00a0elektropoliertem Edelstahl<\/span><span class=\"hps\">.<\/span><\/p>\n<div dir=\"ltr\"><span id=\"result_box\" class=\"long_text\" lang=\"de\"><span class=\"hps\">Das 3L Mantelzellkulturgef\u00e4\u00df erm\u00f6glicht die pr\u00e4zise Temperaturregelung, entweder Heizen oder K\u00fchlen durch Fernwasserversorgung<span class=\"\">.<\/span> Es<\/span><span class=\"hps\"> wird mit einer<\/span> <span class=\"hps\">typischen<\/span> <span class=\"hps\">Zellkultur<\/span>-Konfiguration ausgeliefert, die <span class=\"hps\">mit Komponenten<\/span> <span class=\"hps\">aus dem Zubeh\u00f6rbereich<\/span> <span class=\"hps\">angepasst werden kann.<\/span> <span class=\"hps\">Integral<\/span> <span class=\"hps\">Skalierung,<\/span> <span class=\"hps\">verbesserte<\/span> <span class=\"hps\">Komponenten<\/span> <span class=\"hps\">Designs und ein<\/span> <span class=\"hps\">umfangreicher<\/span> <span class=\"hps\">Produktbestand<\/span> <span class=\"hps\">machen diesen<\/span> <span class=\"hps\">benutzerfreundlichen<\/span> <span class=\"hps\">Bioreaktor<\/span> <span class=\"hps\">stets Verf\u00fcgung.<\/span><\/span><\/div>\n<p>&nbsp;<\/p>\n","protected":false},"featured_media":603,"comment_status":"closed","ping_status":"closed","template":"","meta":{"_acf_changed":false},"product_brand":[],"product_cat":[21],"product_tag":[],"class_list":{"0":"post-602","1":"product","2":"type-product","3":"status-publish","4":"has-post-thumbnail","6":"product_cat-menu-2","8":"first","9":"instock","10":"shipping-taxable","11":"product-type-simple"},"acf":[],"_links":{"self":[{"href":"https:\/\/www.broadleyjames.eu\/de\/wp-json\/wp\/v2\/product\/602","targetHints":{"allow":["GET"]}}],"collection":[{"href":"https:\/\/www.broadleyjames.eu\/de\/wp-json\/wp\/v2\/product"}],"about":[{"href":"https:\/\/www.broadleyjames.eu\/de\/wp-json\/wp\/v2\/types\/product"}],"replies":[{"embeddable":true,"href":"https:\/\/www.broadleyjames.eu\/de\/wp-json\/wp\/v2\/comments?post=602"}],"wp:featuredmedia":[{"embeddable":true,"href":"https:\/\/www.broadleyjames.eu\/de\/wp-json\/wp\/v2\/media\/603"}],"wp:attachment":[{"href":"https:\/\/www.broadleyjames.eu\/de\/wp-json\/wp\/v2\/media?parent=602"}],"wp:term":[{"taxonomy":"product_brand","embeddable":true,"href":"https:\/\/www.broadleyjames.eu\/de\/wp-json\/wp\/v2\/product_brand?post=602"},{"taxonomy":"product_cat","embeddable":true,"href":"https:\/\/www.broadleyjames.eu\/de\/wp-json\/wp\/v2\/product_cat?post=602"},{"taxonomy":"product_tag","embeddable":true,"href":"https:\/\/www.broadleyjames.eu\/de\/wp-json\/wp\/v2\/product_tag?post=602"}],"curies":[{"name":"wp","href":"https:\/\/api.w.org\/{rel}","templated":true}]}}